{"id":17099,"date":"2023-11-23T16:42:39","date_gmt":"2023-11-23T16:42:39","guid":{"rendered":"https:\/\/gentlewindow.com\/experiences\/"},"modified":"2024-01-26T12:42:54","modified_gmt":"2024-01-26T12:42:54","slug":"experiences","status":"publish","type":"page","link":"https:\/\/gentlewindow.com\/en\/experiences\/","title":{"rendered":"Experiences"},"content":{"rendered":"\t\t<div data-elementor-type=\"wp-page\" data-elementor-id=\"17099\" class=\"elementor elementor-17099 elementor-15592\">\n\t\t\t\t\t\t\t<div class=\"elementor-element elementor-element-4ed70b8 e-con-full e-flex wd-section-disabled e-con e-parent\" data-id=\"4ed70b8\" data-element_type=\"container\" data-settings=\"{&quot;content_width&quot;:&quot;full&quot;}\" data-core-v316-plus=\"true\">\n\t\t\t\t<div class=\"elementor-element elementor-element-1d0707f elementor-widget elementor-widget-wd_text_block\" data-id=\"1d0707f\" data-element_type=\"widget\" data-widget_type=\"wd_text_block.default\">\n\t\t\t\t<div class=\"elementor-widget-container\">\n\t\t\t\t\t<div class=\"wd-text-block reset-last-child text-center\">\n\t\t\t\n\t\t\t<h2>mediante o conceito que se pretende dar a esta p\u00e1gina criarei os textos.<\/h2>\n\t\t\t\t\t<\/div>\n\t\t\t\t<\/div>\n\t\t\t\t<\/div>\n\t\t\t\t<\/div>\n\t\t<div class=\"wd-negative-gap elementor-element elementor-element-033a502 e-flex e-con-boxed wd-section-disabled e-con e-parent\" data-id=\"033a502\" data-element_type=\"container\" data-settings=\"{&quot;content_width&quot;:&quot;boxed&quot;}\" data-core-v316-plus=\"true\">\n\t\t\t\t\t<div class=\"e-con-inner\">\n\t\t<div class=\"elementor-element elementor-element-a856d6b e-con-full e-flex wd-section-disabled e-con e-child\" data-id=\"a856d6b\" data-element_type=\"container\" data-settings=\"{&quot;content_width&quot;:&quot;full&quot;}\">\n\t\t\t\t<div class=\"elementor-element elementor-element-c21efa4 elementor-widget elementor-widget-wd_image_or_svg\" data-id=\"c21efa4\" data-element_type=\"widget\" data-widget_type=\"wd_image_or_svg.default\">\n\t\t\t\t<div class=\"elementor-widget-container\">\n\t\t\t\n\t\t<div class=\"wd-image text-left\">\n\t\t\t\t\t\t\t\t<img fetchpriority=\"high\" decoding=\"async\" width=\"800\" height=\"800\" src=\"https:\/\/gentlewindow.com\/wp-content\/themes\/woodmart\/images\/lazy.png\" class=\"attachment-800x800 size-800x800 wd-lazy-load wd-lazy-fade\" alt=\"\" srcset=\"\" sizes=\"(max-width: 800px) 100vw, 800px\" data-wood-src=\"https:\/\/gentlewindow.com\/wp-content\/uploads\/2023\/11\/sample-800x800.jpg\" data-srcset=\"https:\/\/gentlewindow.com\/wp-content\/uploads\/2023\/11\/sample-800x800.jpg 800w, https:\/\/gentlewindow.com\/wp-content\/uploads\/2023\/11\/sample-150x150.jpg 150w\" \/>\t\t\t\t\t<\/div>\n\n\t\t\t\t<\/div>\n\t\t\t\t<\/div>\n\t\t\t\t<div class=\"elementor-element elementor-element-db24760 elementor-widget elementor-widget-wd_title\" data-id=\"db24760\" data-element_type=\"widget\" data-widget_type=\"wd_title.default\">\n\t\t\t\t<div class=\"elementor-widget-container\">\n\t\t\t\t\t<div class=\"title-wrapper set-mb-s reset-last-child wd-title-color-default wd-title-style-default wd-title-size-default text-left\">\n\n\t\t\t\n\t\t\t<div class=\"liner-continer\">\n\t\t\t\t<h4 class=\"woodmart-title-container title wd-fontsize-l\">t\u00edtulo experi\u00eancia<\/h4> \n\t\t\t\t\t\t\t<\/div>\n\n\t\t\t\t\t\t\t<div class=\"title-after_title set-cont-mb-s reset-last-child wd-fontsize-xs\">\n\t\t\t\t\tdescri\u00e7\u00e3o da experi\u00eancia\t\t\t\t<\/div>\n\t\t\t\t\t<\/div>\n\t\t\t\t<\/div>\n\t\t\t\t<\/div>\n\t\t\t\t<\/div>\n\t\t<div class=\"elementor-element elementor-element-a89cd76 e-con-full e-flex wd-section-disabled e-con e-child\" data-id=\"a89cd76\" data-element_type=\"container\" data-settings=\"{&quot;content_width&quot;:&quot;full&quot;}\">\n\t\t\t\t<div class=\"elementor-element elementor-element-7a208c2 elementor-widget elementor-widget-wd_image_or_svg\" data-id=\"7a208c2\" data-element_type=\"widget\" data-widget_type=\"wd_image_or_svg.default\">\n\t\t\t\t<div class=\"elementor-widget-container\">\n\t\t\t\n\t\t<div class=\"wd-image text-left\">\n\t\t\t\t\t\t\t\t<img fetchpriority=\"high\" decoding=\"async\" width=\"800\" height=\"800\" src=\"https:\/\/gentlewindow.com\/wp-content\/themes\/woodmart\/images\/lazy.png\" class=\"attachment-800x800 size-800x800 wd-lazy-load wd-lazy-fade\" alt=\"\" srcset=\"\" sizes=\"(max-width: 800px) 100vw, 800px\" data-wood-src=\"https:\/\/gentlewindow.com\/wp-content\/uploads\/2023\/11\/sample-800x800.jpg\" data-srcset=\"https:\/\/gentlewindow.com\/wp-content\/uploads\/2023\/11\/sample-800x800.jpg 800w, https:\/\/gentlewindow.com\/wp-content\/uploads\/2023\/11\/sample-150x150.jpg 150w\" \/>\t\t\t\t\t<\/div>\n\n\t\t\t\t<\/div>\n\t\t\t\t<\/div>\n\t\t\t\t<div class=\"elementor-element elementor-element-b01c60c elementor-widget elementor-widget-wd_title\" data-id=\"b01c60c\" data-element_type=\"widget\" data-widget_type=\"wd_title.default\">\n\t\t\t\t<div class=\"elementor-widget-container\">\n\t\t\t\t\t<div class=\"title-wrapper set-mb-s reset-last-child wd-title-color-default wd-title-style-default wd-title-size-default text-left\">\n\n\t\t\t\n\t\t\t<div class=\"liner-continer\">\n\t\t\t\t<h4 class=\"woodmart-title-container title wd-fontsize-l\">t\u00edtulo experi\u00eancia<\/h4> \n\t\t\t\t\t\t\t<\/div>\n\n\t\t\t\t\t\t\t<div class=\"title-after_title set-cont-mb-s reset-last-child wd-fontsize-xs\">\n\t\t\t\t\tdescri\u00e7\u00e3o da experi\u00eancia\t\t\t\t<\/div>\n\t\t\t\t\t<\/div>\n\t\t\t\t<\/div>\n\t\t\t\t<\/div>\n\t\t\t\t<\/div>\n\t\t<div class=\"elementor-element elementor-element-2476482 e-con-full e-flex wd-section-disabled e-con e-child\" data-id=\"2476482\" data-element_type=\"container\" data-settings=\"{&quot;content_width&quot;:&quot;full&quot;}\">\n\t\t\t\t<div class=\"elementor-element elementor-element-a8192a1 elementor-widget elementor-widget-wd_image_or_svg\" data-id=\"a8192a1\" data-element_type=\"widget\" data-widget_type=\"wd_image_or_svg.default\">\n\t\t\t\t<div class=\"elementor-widget-container\">\n\t\t\t\n\t\t<div class=\"wd-image text-left\">\n\t\t\t\t\t\t\t\t<img fetchpriority=\"high\" decoding=\"async\" width=\"800\" height=\"800\" src=\"https:\/\/gentlewindow.com\/wp-content\/themes\/woodmart\/images\/lazy.png\" class=\"attachment-800x800 size-800x800 wd-lazy-load wd-lazy-fade\" alt=\"\" srcset=\"\" sizes=\"(max-width: 800px) 100vw, 800px\" data-wood-src=\"https:\/\/gentlewindow.com\/wp-content\/uploads\/2023\/11\/sample-800x800.jpg\" data-srcset=\"https:\/\/gentlewindow.com\/wp-content\/uploads\/2023\/11\/sample-800x800.jpg 800w, https:\/\/gentlewindow.com\/wp-content\/uploads\/2023\/11\/sample-150x150.jpg 150w\" \/>\t\t\t\t\t<\/div>\n\n\t\t\t\t<\/div>\n\t\t\t\t<\/div>\n\t\t\t\t<div class=\"elementor-element elementor-element-eae60ac elementor-widget elementor-widget-wd_title\" data-id=\"eae60ac\" data-element_type=\"widget\" data-widget_type=\"wd_title.default\">\n\t\t\t\t<div class=\"elementor-widget-container\">\n\t\t\t\t\t<div class=\"title-wrapper set-mb-s reset-last-child wd-title-color-default wd-title-style-default wd-title-size-default text-left\">\n\n\t\t\t\n\t\t\t<div class=\"liner-continer\">\n\t\t\t\t<h4 class=\"woodmart-title-container title wd-fontsize-l\">t\u00edtulo experi\u00eancia<\/h4> \n\t\t\t\t\t\t\t<\/div>\n\n\t\t\t\t\t\t\t<div class=\"title-after_title set-cont-mb-s reset-last-child wd-fontsize-xs\">\n\t\t\t\t\tdescri\u00e7\u00e3o da expericcc\t\t\t\t<\/div>\n\t\t\t\t\t<\/div>\n\t\t\t\t<\/div>\n\t\t\t\t<\/div>\n\t\t\t\t<\/div>\n\t\t\t\t\t<\/div>\n\t\t\t\t<\/div>\n\t\t\t\t\t\t\t<\/div>\n\t\t","protected":false},"excerpt":{"rendered":"<p>mediante o conceito que se pretende dar a esta p\u00e1gina criarei os textos. t\u00edtulo experi\u00eancia descri\u00e7\u00e3o da experi\u00eancia t\u00edtulo experi\u00eancia<\/p>\n","protected":false},"author":1,"featured_media":0,"parent":0,"menu_order":0,"comment_status":"closed","ping_status":"closed","template":"","meta":{"_themeisle_gutenberg_block_has_review":false,"footnotes":""},"class_list":["post-17099","page","type-page","status-publish","hentry"],"acf":[],"yoast_head":"<!-- This site is optimized with the Yoast SEO plugin v21.8 - https:\/\/yoast.com\/wordpress\/plugins\/seo\/ -->\n<title>Experiences - Gentle Window 2 | Vinhos Verdes<\/title>\n<meta name=\"robots\" content=\"index, follow, max-snippet:-1, max-image-preview:large, max-video-preview:-1\" \/>\n<link rel=\"canonical\" href=\"https:\/\/gentlewindow.com\/en\/experiences\/\" \/>\n<meta property=\"og:locale\" content=\"en_US\" \/>\n<meta property=\"og:type\" content=\"article\" \/>\n<meta property=\"og:title\" content=\"Experiences - Gentle Window 2 | Vinhos Verdes\" \/>\n<meta property=\"og:description\" content=\"mediante o conceito que se pretende dar a esta p\u00e1gina criarei os textos. t\u00edtulo experi\u00eancia descri\u00e7\u00e3o da experi\u00eancia t\u00edtulo experi\u00eancia\" \/>\n<meta property=\"og:url\" content=\"https:\/\/gentlewindow.com\/en\/experiences\/\" \/>\n<meta property=\"og:site_name\" content=\"Gentle Window 2 | Vinhos Verdes\" \/>\n<meta property=\"article:modified_time\" content=\"2024-01-26T12:42:54+00:00\" \/>\n<meta property=\"og:image\" content=\"https:\/\/gentlewindow.com\/wp-content\/uploads\/2023\/11\/sample-800x800.jpg\" \/>\n<meta name=\"twitter:card\" content=\"summary_large_image\" \/>\n<script type=\"application\/ld+json\" class=\"yoast-schema-graph\">{\"@context\":\"https:\/\/schema.org\",\"@graph\":[{\"@type\":\"WebPage\",\"@id\":\"https:\/\/gentlewindow.com\/en\/experiences\/\",\"url\":\"https:\/\/gentlewindow.com\/en\/experiences\/\",\"name\":\"Experiences - Gentle Window 2 | Vinhos Verdes\",\"isPartOf\":{\"@id\":\"https:\/\/gentlewindow.com\/en\/#website\"},\"datePublished\":\"2023-11-23T16:42:39+00:00\",\"dateModified\":\"2024-01-26T12:42:54+00:00\",\"breadcrumb\":{\"@id\":\"https:\/\/gentlewindow.com\/en\/experiences\/#breadcrumb\"},\"inLanguage\":\"en-US\",\"potentialAction\":[{\"@type\":\"ReadAction\",\"target\":[\"https:\/\/gentlewindow.com\/en\/experiences\/\"]}]},{\"@type\":\"BreadcrumbList\",\"@id\":\"https:\/\/gentlewindow.com\/en\/experiences\/#breadcrumb\",\"itemListElement\":[{\"@type\":\"ListItem\",\"position\":1,\"name\":\"In\u00edcio\",\"item\":\"https:\/\/gentlewindow.com\/en\/\"},{\"@type\":\"ListItem\",\"position\":2,\"name\":\"Experiences\"}]},{\"@type\":\"WebSite\",\"@id\":\"https:\/\/gentlewindow.com\/en\/#website\",\"url\":\"https:\/\/gentlewindow.com\/en\/\",\"name\":\"Gentle Window 2 | Vinhos Verdes\",\"description\":\"\",\"potentialAction\":[{\"@type\":\"SearchAction\",\"target\":{\"@type\":\"EntryPoint\",\"urlTemplate\":\"https:\/\/gentlewindow.com\/en\/?s={search_term_string}\"},\"query-input\":\"required name=search_term_string\"}],\"inLanguage\":\"en-US\"}]}<\/script>\n<!-- \/ Yoast SEO plugin. -->","yoast_head_json":{"title":"Experiences - Gentle Window 2 | Vinhos Verdes","robots":{"index":"index","follow":"follow","max-snippet":"max-snippet:-1","max-image-preview":"max-image-preview:large","max-video-preview":"max-video-preview:-1"},"canonical":"https:\/\/gentlewindow.com\/en\/experiences\/","og_locale":"en_US","og_type":"article","og_title":"Experiences - Gentle Window 2 | Vinhos Verdes","og_description":"mediante o conceito que se pretende dar a esta p\u00e1gina criarei os textos. t\u00edtulo experi\u00eancia descri\u00e7\u00e3o da experi\u00eancia t\u00edtulo experi\u00eancia","og_url":"https:\/\/gentlewindow.com\/en\/experiences\/","og_site_name":"Gentle Window 2 | Vinhos Verdes","article_modified_time":"2024-01-26T12:42:54+00:00","og_image":[{"url":"https:\/\/gentlewindow.com\/wp-content\/uploads\/2023\/11\/sample-800x800.jpg"}],"twitter_card":"summary_large_image","schema":{"@context":"https:\/\/schema.org","@graph":[{"@type":"WebPage","@id":"https:\/\/gentlewindow.com\/en\/experiences\/","url":"https:\/\/gentlewindow.com\/en\/experiences\/","name":"Experiences - Gentle Window 2 | Vinhos Verdes","isPartOf":{"@id":"https:\/\/gentlewindow.com\/en\/#website"},"datePublished":"2023-11-23T16:42:39+00:00","dateModified":"2024-01-26T12:42:54+00:00","breadcrumb":{"@id":"https:\/\/gentlewindow.com\/en\/experiences\/#breadcrumb"},"inLanguage":"en-US","potentialAction":[{"@type":"ReadAction","target":["https:\/\/gentlewindow.com\/en\/experiences\/"]}]},{"@type":"BreadcrumbList","@id":"https:\/\/gentlewindow.com\/en\/experiences\/#breadcrumb","itemListElement":[{"@type":"ListItem","position":1,"name":"In\u00edcio","item":"https:\/\/gentlewindow.com\/en\/"},{"@type":"ListItem","position":2,"name":"Experiences"}]},{"@type":"WebSite","@id":"https:\/\/gentlewindow.com\/en\/#website","url":"https:\/\/gentlewindow.com\/en\/","name":"Gentle Window 2 | Vinhos Verdes","description":"","potentialAction":[{"@type":"SearchAction","target":{"@type":"EntryPoint","urlTemplate":"https:\/\/gentlewindow.com\/en\/?s={search_term_string}"},"query-input":"required name=search_term_string"}],"inLanguage":"en-US"}]}},"_links":{"self":[{"href":"https:\/\/gentlewindow.com\/en\/wp-json\/wp\/v2\/pages\/17099","targetHints":{"allow":["GET"]}}],"collection":[{"href":"https:\/\/gentlewindow.com\/en\/wp-json\/wp\/v2\/pages"}],"about":[{"href":"https:\/\/gentlewindow.com\/en\/wp-json\/wp\/v2\/types\/page"}],"author":[{"embeddable":true,"href":"https:\/\/gentlewindow.com\/en\/wp-json\/wp\/v2\/users\/1"}],"replies":[{"embeddable":true,"href":"https:\/\/gentlewindow.com\/en\/wp-json\/wp\/v2\/comments?post=17099"}],"version-history":[{"count":1,"href":"https:\/\/gentlewindow.com\/en\/wp-json\/wp\/v2\/pages\/17099\/revisions"}],"predecessor-version":[{"id":17100,"href":"https:\/\/gentlewindow.com\/en\/wp-json\/wp\/v2\/pages\/17099\/revisions\/17100"}],"wp:attachment":[{"href":"https:\/\/gentlewindow.com\/en\/wp-json\/wp\/v2\/media?parent=17099"}],"curies":[{"name":"wp","href":"https:\/\/api.w.org\/{rel}","templated":true}]}}