{"id":17114,"date":"2023-11-23T16:34:51","date_gmt":"2023-11-23T16:34:51","guid":{"rendered":"https:\/\/gentlewindow.com\/who-we-are\/history\/"},"modified":"2024-03-05T12:55:37","modified_gmt":"2024-03-05T12:55:37","slug":"history","status":"publish","type":"page","link":"https:\/\/gentlewindow.com\/en\/who-we-are\/history\/","title":{"rendered":"History"},"content":{"rendered":"\t\t<div data-elementor-type=\"wp-page\" data-elementor-id=\"17114\" class=\"elementor elementor-17114 elementor-15584\">\n\t\t\t\t\t\t\t\t\t<section class=\"elementor-section elementor-top-section elementor-element elementor-element-fe9ce6b wd-section-stretch elementor-section-full_width elementor-section-height-default elementor-section-height-default\" data-id=\"fe9ce6b\" data-element_type=\"section\" data-settings=\"{&quot;background_background&quot;:&quot;classic&quot;}\">\n\t\t\t\t\t\t<div class=\"elementor-container elementor-column-gap-default\">\n\t\t\t\t\t<div class=\"elementor-column elementor-col-50 elementor-top-column elementor-element elementor-element-2fe2eee5\" data-id=\"2fe2eee5\" data-element_type=\"column\">\n\t\t\t<div class=\"elementor-widget-wrap elementor-element-populated\">\n\t\t\t\t\t\t\t\t<div class=\"elementor-element elementor-element-1434b7f3 elementor-widget elementor-widget-wd_title\" data-id=\"1434b7f3\" data-element_type=\"widget\" data-widget_type=\"wd_title.default\">\n\t\t\t\t<div class=\"elementor-widget-container\">\n\t\t\t\t\t<div class=\"title-wrapper set-mb-s reset-last-child wd-title-color-primary wd-title-style-default wd-title-size-default text-left\">\n\n\t\t\t\n\t\t\t<div class=\"liner-continer\">\n\t\t\t\t<h4 class=\"woodmart-title-container title wd-fontsize-l\">A project born from tradition<\/h4> \n\t\t\t\t\t\t\t<\/div>\n\n\t\t\t\t\t\t\t<div class=\"title-after_title set-cont-mb-s reset-last-child wd-fontsize-xs\">\n\t\t\t\t\t<p>Gentle Window 2 is a new wine project born when Ant\u00f3nio Alves da Costa acquired his first estate, with 6 hectares, in Minho. Passionate about wine production, he decided to follow up on this same passion shared by his father, Ant\u00f3nio Alves da Costa (1925- 1992), and his grandfather, Jos\u00e9 Alves da Costa (1900-1973), a farming family in Vila Nova de Famalic\u00e3o.<\/p><p>The decision to launch his own wines on the market came when his sons Diogo (2018) and Martim (2021) were born, believing he would be able to pass on to them the taste for the land and the passion that has been uniting generations.<\/p>\t\t\t\t<\/div>\n\t\t\t\t\t<\/div>\n\t\t\t\t<\/div>\n\t\t\t\t<\/div>\n\t\t\t\t\t<\/div>\n\t\t<\/div>\n\t\t\t\t<div class=\"elementor-column elementor-col-50 elementor-top-column elementor-element elementor-element-f8158ca\" data-id=\"f8158ca\" data-element_type=\"column\">\n\t\t\t<div class=\"elementor-widget-wrap elementor-element-populated\">\n\t\t\t\t\t\t\t\t<div class=\"elementor-element elementor-element-2a0c3fa7 elementor-widget elementor-widget-wd_image_or_svg\" data-id=\"2a0c3fa7\" data-element_type=\"widget\" data-widget_type=\"wd_image_or_svg.default\">\n\t\t\t\t<div class=\"elementor-widget-container\">\n\t\t\t\n\t\t<div class=\"wd-image text-left\">\n\t\t\t\t\t\t\t\t<img fetchpriority=\"high\" decoding=\"async\" width=\"1200\" height=\"1000\" src=\"https:\/\/gentlewindow.com\/wp-content\/themes\/woodmart\/images\/lazy.png\" class=\"attachment-1200x1000 size-1200x1000 wd-lazy-load wd-lazy-fade\" alt=\"\" srcset=\"\" sizes=\"(max-width: 1200px) 100vw, 1200px\" data-wood-src=\"https:\/\/gentlewindow.com\/wp-content\/uploads\/2024\/03\/historia3-1200x1000.jpg\" data-srcset=\"https:\/\/gentlewindow.com\/wp-content\/uploads\/2024\/03\/historia3.jpg 1200w, https:\/\/gentlewindow.com\/wp-content\/uploads\/2024\/03\/historia3-360x300.jpg 360w, https:\/\/gentlewindow.com\/wp-content\/uploads\/2024\/03\/historia3-960x800.jpg 960w, https:\/\/gentlewindow.com\/wp-content\/uploads\/2024\/03\/historia3-768x640.jpg 768w, https:\/\/gentlewindow.com\/wp-content\/uploads\/2024\/03\/historia3-240x200.jpg 240w, https:\/\/gentlewindow.com\/wp-content\/uploads\/2024\/03\/historia3-120x100.jpg 120w, https:\/\/gentlewindow.com\/wp-content\/uploads\/2024\/03\/historia3-200x167.jpg 200w, https:\/\/gentlewindow.com\/wp-content\/uploads\/2024\/03\/historia3-150x125.jpg 150w\" \/>\t\t\t\t\t<\/div>\n\n\t\t\t\t<\/div>\n\t\t\t\t<\/div>\n\t\t\t\t\t<\/div>\n\t\t<\/div>\n\t\t\t\t\t\t\t<\/div>\n\t\t<\/section>\n\t\t\t\t<section class=\"elementor-section elementor-top-section elementor-element elementor-element-77e7d1c5 elementor-section-full_width wd-section-stretch-content elementor-section-height-default elementor-section-height-default\" data-id=\"77e7d1c5\" data-element_type=\"section\">\n\t\t\t\t\t\t<div class=\"elementor-container elementor-column-gap-default\">\n\t\t\t\t\t<div class=\"elementor-column elementor-col-100 elementor-top-column elementor-element elementor-element-6af4b741\" data-id=\"6af4b741\" data-element_type=\"column\">\n\t\t\t<div class=\"elementor-widget-wrap elementor-element-populated\">\n\t\t\t\t\t\t\t\t<div class=\"elementor-element elementor-element-3df7b9b elementor-widget elementor-widget-wd_images_gallery\" data-id=\"3df7b9b\" data-element_type=\"widget\" data-widget_type=\"wd_images_gallery.default\">\n\t\t\t\t<div class=\"elementor-widget-container\">\n\t\t\t\t\t<div class=\"wd-images-gallery wd-justify-center wd-items-middle view-carousel photoswipe-images wd-carousel-spacing-0 wd-carousel-container disable-owl-mobile\" data-owl-carousel data-speed=\"\" data-slides_per_view_tablet='{\"size\":\"\"}' data-slides_per_view_mobile='{\"size\":\"\"}' data-wrap=\"no\" data-hide_pagination_control=\"no\" data-hide_prev_next_buttons=\"no\" data-desktop=\"1\" data-tablet=\"1\" data-tablet_landscape=\"1\" data-mobile=\"1\">\n\t\t\t<div class=\"gallery-images owl-carousel wd-owl owl-items-lg-1 owl-items-md-1 owl-items-sm-1 owl-items-xs-1\">\n\t\t\t\t\t\t\t\t\t\t\t\t\t\t<div class=\"wd-gallery-item\">\n\t\t\t\t\t\t\t\t\t\t\t\t\t<a  href=\"https:\/\/gentlewindow.com\/wp-content\/uploads\/2024\/03\/historia6.jpg\"data-width=\"1920\" data-height=\"1080\" data-index=\"1\" data-elementor-open-lightbox=\"no\">\n\t\t\t\t\t\t\n\t\t\t\t\t\t<img decoding=\"async\" class=\"wd-lazy-load wd-lazy-fade\" src=\"https:\/\/gentlewindow.com\/wp-content\/themes\/woodmart\/images\/lazy.png\" data-wood-src=\"https:\/\/gentlewindow.com\/wp-content\/uploads\/2024\/03\/historia6-1920x900.jpg\"alt=\"historia6\">\n\t\t\t\t\t\t\t\t\t\t\t\t\t<\/a>\n\t\t\t\t\t\t\t\t\t\t\t<\/div>\n\t\t\t\t\t\t\t\t\t\t\t\t\t\t\t<div class=\"wd-gallery-item\">\n\t\t\t\t\t\t\t\t\t\t\t\t\t<a  href=\"https:\/\/gentlewindow.com\/wp-content\/uploads\/2024\/03\/historia4.jpg\"data-width=\"1920\" data-height=\"1080\" data-index=\"2\" data-elementor-open-lightbox=\"no\">\n\t\t\t\t\t\t\n\t\t\t\t\t\t<img decoding=\"async\" class=\"wd-lazy-load wd-lazy-fade\" src=\"https:\/\/gentlewindow.com\/wp-content\/themes\/woodmart\/images\/lazy.png\" data-wood-src=\"https:\/\/gentlewindow.com\/wp-content\/uploads\/2024\/03\/historia4-1920x900.jpg\"alt=\"historia4\">\n\t\t\t\t\t\t\t\t\t\t\t\t\t<\/a>\n\t\t\t\t\t\t\t\t\t\t\t<\/div>\n\t\t\t\t\t\t\t\t\t\t\t\t\t\t\t<div class=\"wd-gallery-item\">\n\t\t\t\t\t\t\t\t\t\t\t\t\t<a  href=\"https:\/\/gentlewindow.com\/wp-content\/uploads\/2024\/03\/historia5.jpg\"data-width=\"1920\" data-height=\"1080\" data-index=\"3\" data-elementor-open-lightbox=\"no\">\n\t\t\t\t\t\t\n\t\t\t\t\t\t<img decoding=\"async\" class=\"wd-lazy-load wd-lazy-fade\" src=\"https:\/\/gentlewindow.com\/wp-content\/themes\/woodmart\/images\/lazy.png\" data-wood-src=\"https:\/\/gentlewindow.com\/wp-content\/uploads\/2024\/03\/historia5-1920x900.jpg\"alt=\"historia5\">\n\t\t\t\t\t\t\t\t\t\t\t\t\t<\/a>\n\t\t\t\t\t\t\t\t\t\t\t<\/div>\n\t\t\t\t\t\t\t\t<\/div>\n\t\t<\/div>\n\t\t\t\t<\/div>\n\t\t\t\t<\/div>\n\t\t\t\t\t<\/div>\n\t\t<\/div>\n\t\t\t\t\t\t\t<\/div>\n\t\t<\/section>\n\t\t\t\t<section class=\"wd-negative-gap elementor-section elementor-top-section elementor-element elementor-element-b55122d wd-section-stretch elementor-section-boxed elementor-section-height-default elementor-section-height-default\" data-id=\"b55122d\" data-element_type=\"section\" data-settings=\"{&quot;background_background&quot;:&quot;classic&quot;}\">\n\t\t\t\t\t\t<div class=\"elementor-container elementor-column-gap-default\">\n\t\t\t\t\t<div class=\"elementor-column elementor-col-50 elementor-top-column elementor-element elementor-element-9c2a128\" data-id=\"9c2a128\" data-element_type=\"column\">\n\t\t\t<div class=\"elementor-widget-wrap elementor-element-populated\">\n\t\t\t\t\t\t\t\t<div class=\"elementor-element elementor-element-81ee495 elementor-widget elementor-widget-wd_image_or_svg\" data-id=\"81ee495\" data-element_type=\"widget\" data-widget_type=\"wd_image_or_svg.default\">\n\t\t\t\t<div class=\"elementor-widget-container\">\n\t\t\t\n\t\t<div class=\"wd-image text-left\">\n\t\t\t\t\t\t\t\t<img decoding=\"async\" width=\"1200\" height=\"1000\" src=\"https:\/\/gentlewindow.com\/wp-content\/themes\/woodmart\/images\/lazy.png\" class=\"attachment-1200x1000 size-1200x1000 wd-lazy-load wd-lazy-fade\" alt=\"\" srcset=\"\" sizes=\"(max-width: 1200px) 100vw, 1200px\" data-wood-src=\"https:\/\/gentlewindow.com\/wp-content\/uploads\/2024\/03\/historia2-1200x1000.jpg\" data-srcset=\"https:\/\/gentlewindow.com\/wp-content\/uploads\/2024\/03\/historia2.jpg 1200w, https:\/\/gentlewindow.com\/wp-content\/uploads\/2024\/03\/historia2-360x300.jpg 360w, https:\/\/gentlewindow.com\/wp-content\/uploads\/2024\/03\/historia2-960x800.jpg 960w, https:\/\/gentlewindow.com\/wp-content\/uploads\/2024\/03\/historia2-768x640.jpg 768w, https:\/\/gentlewindow.com\/wp-content\/uploads\/2024\/03\/historia2-240x200.jpg 240w, https:\/\/gentlewindow.com\/wp-content\/uploads\/2024\/03\/historia2-120x100.jpg 120w, https:\/\/gentlewindow.com\/wp-content\/uploads\/2024\/03\/historia2-200x167.jpg 200w, https:\/\/gentlewindow.com\/wp-content\/uploads\/2024\/03\/historia2-150x125.jpg 150w\" \/>\t\t\t\t\t<\/div>\n\n\t\t\t\t<\/div>\n\t\t\t\t<\/div>\n\t\t\t\t\t<\/div>\n\t\t<\/div>\n\t\t\t\t<div class=\"elementor-column elementor-col-50 elementor-top-column elementor-element elementor-element-08a2c42\" data-id=\"08a2c42\" data-element_type=\"column\">\n\t\t\t<div class=\"elementor-widget-wrap elementor-element-populated\">\n\t\t\t\t\t\t\t\t<div class=\"elementor-element elementor-element-806bda1 elementor-widget elementor-widget-wd_title\" data-id=\"806bda1\" data-element_type=\"widget\" data-widget_type=\"wd_title.default\">\n\t\t\t\t<div class=\"elementor-widget-container\">\n\t\t\t\t\t<div class=\"title-wrapper set-mb-s reset-last-child wd-title-color-primary wd-title-style-default wd-title-size-default text-left\">\n\n\t\t\t\n\t\t\t<div class=\"liner-continer\">\n\t\t\t\t<h4 class=\"woodmart-title-container title wd-fontsize-l\">A passion that spans generations<\/h4> \n\t\t\t\t\t\t\t<\/div>\n\n\t\t\t\t\t\t\t<div class=\"title-after_title set-cont-mb-s reset-last-child wd-fontsize-xs\">\n\t\t\t\t\t<p>In the first generation, grandfather Jos\u00e9 produced wines for home consumption and local sale. In the second generation, father Ant\u00f3nio produced wines, mainly reds, to be sold in bulk, in 250 and 500L barrels, for the taverns and restaurants in the region.<\/p><p>In the third generation, Ant\u00f3nio and Alisa invest in the development of a vitiviniculture activity with a different dimension from that of their ancestors, because they believe that the fourth generation will embrace with the same passion the taste for producing quality grapes for the creation of Vinhos Verdes of excellence, whether still or sparkling.<\/p>\t\t\t\t<\/div>\n\t\t\t\t\t<\/div>\n\t\t\t\t<\/div>\n\t\t\t\t<\/div>\n\t\t\t\t\t<\/div>\n\t\t<\/div>\n\t\t\t\t\t\t\t<\/div>\n\t\t<\/section>\n\t\t\t\t\t\t\t<\/div>\n\t\t","protected":false},"excerpt":{"rendered":"<p>A project born from tradition Gentle Window 2 is a new wine project born when Ant\u00f3nio Alves da Costa acquired<\/p>\n","protected":false},"author":1,"featured_media":0,"parent":17101,"menu_order":0,"comment_status":"closed","ping_status":"closed","template":"","meta":{"_themeisle_gutenberg_block_has_review":false,"footnotes":""},"class_list":["post-17114","page","type-page","status-publish","hentry"],"acf":[],"yoast_head":"<!-- This site is optimized with the Yoast SEO plugin v21.8 - https:\/\/yoast.com\/wordpress\/plugins\/seo\/ -->\n<title>History - Gentle Window 2 | Vinhos Verdes<\/title>\n<meta name=\"robots\" content=\"index, follow, max-snippet:-1, max-image-preview:large, max-video-preview:-1\" \/>\n<link rel=\"canonical\" href=\"https:\/\/gentlewindow.com\/en\/who-we-are\/history\/\" \/>\n<meta property=\"og:locale\" content=\"en_US\" \/>\n<meta property=\"og:type\" content=\"article\" \/>\n<meta property=\"og:title\" content=\"History - Gentle Window 2 | Vinhos Verdes\" \/>\n<meta property=\"og:description\" content=\"A project born from tradition Gentle Window 2 is a new wine project born when Ant\u00f3nio Alves da Costa acquired\" \/>\n<meta property=\"og:url\" content=\"https:\/\/gentlewindow.com\/en\/who-we-are\/history\/\" \/>\n<meta property=\"og:site_name\" content=\"Gentle Window 2 | Vinhos Verdes\" \/>\n<meta property=\"article:modified_time\" content=\"2024-03-05T12:55:37+00:00\" \/>\n<meta property=\"og:image\" content=\"https:\/\/gentlewindow.com\/wp-content\/themes\/woodmart\/images\/lazy.png\" \/>\n<meta name=\"twitter:card\" content=\"summary_large_image\" \/>\n<meta name=\"twitter:label1\" content=\"Est. reading time\" \/>\n\t<meta name=\"twitter:data1\" content=\"3 minutes\" \/>\n<script type=\"application\/ld+json\" class=\"yoast-schema-graph\">{\"@context\":\"https:\/\/schema.org\",\"@graph\":[{\"@type\":\"WebPage\",\"@id\":\"https:\/\/gentlewindow.com\/en\/who-we-are\/history\/\",\"url\":\"https:\/\/gentlewindow.com\/en\/who-we-are\/history\/\",\"name\":\"History - Gentle Window 2 | Vinhos Verdes\",\"isPartOf\":{\"@id\":\"https:\/\/gentlewindow.com\/en\/#website\"},\"datePublished\":\"2023-11-23T16:34:51+00:00\",\"dateModified\":\"2024-03-05T12:55:37+00:00\",\"breadcrumb\":{\"@id\":\"https:\/\/gentlewindow.com\/en\/who-we-are\/history\/#breadcrumb\"},\"inLanguage\":\"en-US\",\"potentialAction\":[{\"@type\":\"ReadAction\",\"target\":[\"https:\/\/gentlewindow.com\/en\/who-we-are\/history\/\"]}]},{\"@type\":\"BreadcrumbList\",\"@id\":\"https:\/\/gentlewindow.com\/en\/who-we-are\/history\/#breadcrumb\",\"itemListElement\":[{\"@type\":\"ListItem\",\"position\":1,\"name\":\"In\u00edcio\",\"item\":\"https:\/\/gentlewindow.com\/en\/\"},{\"@type\":\"ListItem\",\"position\":2,\"name\":\"Who we are\",\"item\":\"https:\/\/gentlewindow.com\/en\/who-we-are\/\"},{\"@type\":\"ListItem\",\"position\":3,\"name\":\"History\"}]},{\"@type\":\"WebSite\",\"@id\":\"https:\/\/gentlewindow.com\/en\/#website\",\"url\":\"https:\/\/gentlewindow.com\/en\/\",\"name\":\"Gentle Window 2 | Vinhos Verdes\",\"description\":\"\",\"potentialAction\":[{\"@type\":\"SearchAction\",\"target\":{\"@type\":\"EntryPoint\",\"urlTemplate\":\"https:\/\/gentlewindow.com\/en\/?s={search_term_string}\"},\"query-input\":\"required name=search_term_string\"}],\"inLanguage\":\"en-US\"}]}<\/script>\n<!-- \/ Yoast SEO plugin. -->","yoast_head_json":{"title":"History - Gentle Window 2 | Vinhos Verdes","robots":{"index":"index","follow":"follow","max-snippet":"max-snippet:-1","max-image-preview":"max-image-preview:large","max-video-preview":"max-video-preview:-1"},"canonical":"https:\/\/gentlewindow.com\/en\/who-we-are\/history\/","og_locale":"en_US","og_type":"article","og_title":"History - Gentle Window 2 | Vinhos Verdes","og_description":"A project born from tradition Gentle Window 2 is a new wine project born when Ant\u00f3nio Alves da Costa acquired","og_url":"https:\/\/gentlewindow.com\/en\/who-we-are\/history\/","og_site_name":"Gentle Window 2 | Vinhos Verdes","article_modified_time":"2024-03-05T12:55:37+00:00","og_image":[{"url":"https:\/\/gentlewindow.com\/wp-content\/themes\/woodmart\/images\/lazy.png"}],"twitter_card":"summary_large_image","twitter_misc":{"Est. reading time":"3 minutes"},"schema":{"@context":"https:\/\/schema.org","@graph":[{"@type":"WebPage","@id":"https:\/\/gentlewindow.com\/en\/who-we-are\/history\/","url":"https:\/\/gentlewindow.com\/en\/who-we-are\/history\/","name":"History - Gentle Window 2 | Vinhos Verdes","isPartOf":{"@id":"https:\/\/gentlewindow.com\/en\/#website"},"datePublished":"2023-11-23T16:34:51+00:00","dateModified":"2024-03-05T12:55:37+00:00","breadcrumb":{"@id":"https:\/\/gentlewindow.com\/en\/who-we-are\/history\/#breadcrumb"},"inLanguage":"en-US","potentialAction":[{"@type":"ReadAction","target":["https:\/\/gentlewindow.com\/en\/who-we-are\/history\/"]}]},{"@type":"BreadcrumbList","@id":"https:\/\/gentlewindow.com\/en\/who-we-are\/history\/#breadcrumb","itemListElement":[{"@type":"ListItem","position":1,"name":"In\u00edcio","item":"https:\/\/gentlewindow.com\/en\/"},{"@type":"ListItem","position":2,"name":"Who we are","item":"https:\/\/gentlewindow.com\/en\/who-we-are\/"},{"@type":"ListItem","position":3,"name":"History"}]},{"@type":"WebSite","@id":"https:\/\/gentlewindow.com\/en\/#website","url":"https:\/\/gentlewindow.com\/en\/","name":"Gentle Window 2 | Vinhos Verdes","description":"","potentialAction":[{"@type":"SearchAction","target":{"@type":"EntryPoint","urlTemplate":"https:\/\/gentlewindow.com\/en\/?s={search_term_string}"},"query-input":"required name=search_term_string"}],"inLanguage":"en-US"}]}},"_links":{"self":[{"href":"https:\/\/gentlewindow.com\/en\/wp-json\/wp\/v2\/pages\/17114","targetHints":{"allow":["GET"]}}],"collection":[{"href":"https:\/\/gentlewindow.com\/en\/wp-json\/wp\/v2\/pages"}],"about":[{"href":"https:\/\/gentlewindow.com\/en\/wp-json\/wp\/v2\/types\/page"}],"author":[{"embeddable":true,"href":"https:\/\/gentlewindow.com\/en\/wp-json\/wp\/v2\/users\/1"}],"replies":[{"embeddable":true,"href":"https:\/\/gentlewindow.com\/en\/wp-json\/wp\/v2\/comments?post=17114"}],"version-history":[{"count":2,"href":"https:\/\/gentlewindow.com\/en\/wp-json\/wp\/v2\/pages\/17114\/revisions"}],"predecessor-version":[{"id":17346,"href":"https:\/\/gentlewindow.com\/en\/wp-json\/wp\/v2\/pages\/17114\/revisions\/17346"}],"up":[{"embeddable":true,"href":"https:\/\/gentlewindow.com\/en\/wp-json\/wp\/v2\/pages\/17101"}],"wp:attachment":[{"href":"https:\/\/gentlewindow.com\/en\/wp-json\/wp\/v2\/media?parent=17114"}],"curies":[{"name":"wp","href":"https:\/\/api.w.org\/{rel}","templated":true}]}}