{"id":16766,"date":"2024-01-15T11:23:43","date_gmt":"2024-01-15T11:23:43","guid":{"rendered":"https:\/\/gentlewindow.com\/?post_type=product&#038;p=16766"},"modified":"2024-03-05T11:44:31","modified_gmt":"2024-03-05T11:44:31","slug":"gw2-loureiro","status":"publish","type":"product","link":"https:\/\/gentlewindow.com\/fr\/vinhos\/gw2-loureiro\/","title":{"rendered":"GW2 Loureiro"},"content":{"rendered":"\t\t<div data-elementor-type=\"wp-post\" data-elementor-id=\"16766\" class=\"elementor elementor-16766\">\n\t\t\t\t\t\t\t\t\t<section class=\"elementor-section elementor-top-section elementor-element elementor-element-3c8051d1 elementor-section-full_width wd-section-stretch elementor-section-height-default elementor-section-height-default\" data-id=\"3c8051d1\" data-element_type=\"section\">\n\t\t\t\t\t\t<div class=\"elementor-container elementor-column-gap-default\">\n\t\t\t\t\t<div class=\"elementor-column elementor-col-33 elementor-top-column elementor-element elementor-element-d776041\" data-id=\"d776041\" data-element_type=\"column\">\n\t\t\t<div class=\"elementor-widget-wrap elementor-element-populated\">\n\t\t\t\t\t\t\t\t<div class=\"elementor-element elementor-element-a5f811a elementor-widget elementor-widget-wd_title\" data-id=\"a5f811a\" data-element_type=\"widget\" data-widget_type=\"wd_title.default\">\n\t\t\t\t<div class=\"elementor-widget-container\">\n\t\t\t\t\t<div class=\"title-wrapper set-mb-s reset-last-child wd-title-color-default wd-title-style-default wd-title-size-default text-left\">\n\n\t\t\t\n\t\t\t<div class=\"liner-continer\">\n\t\t\t\t<h4 class=\"woodmart-title-container title wd-fontsize-l\">VINIFICA\u00c7\u00c3O<\/h4> \n\t\t\t\t\t\t\t<\/div>\n\n\t\t\t\t\t\t\t<div class=\"title-after_title set-cont-mb-s reset-last-child wd-fontsize-xs\">\n\t\t\t\t\tUvas desenga\u00e7adas e decantadas durante 24 horas a 14\u00baC. Fermenta\u00e7\u00e3o em cubas de inox a 16\u00baC durante aproximadamente 3 semanas. Acabamento e estabiliza\u00e7\u00e3o a frio feitos antes do engarrafamento.\t\t\t\t<\/div>\n\t\t\t\t\t<\/div>\n\t\t\t\t<\/div>\n\t\t\t\t<\/div>\n\t\t\t\t\t<\/div>\n\t\t<\/div>\n\t\t\t\t<div class=\"elementor-column elementor-col-33 elementor-top-column elementor-element elementor-element-e53ade2\" data-id=\"e53ade2\" data-element_type=\"column\">\n\t\t\t<div class=\"elementor-widget-wrap elementor-element-populated\">\n\t\t\t\t\t\t\t\t<div class=\"elementor-element elementor-element-e57a02f elementor-widget elementor-widget-wd_title\" data-id=\"e57a02f\" data-element_type=\"widget\" data-widget_type=\"wd_title.default\">\n\t\t\t\t<div class=\"elementor-widget-container\">\n\t\t\t\t\t<div class=\"title-wrapper set-mb-s reset-last-child wd-title-color-default wd-title-style-default wd-title-size-default text-left\">\n\n\t\t\t\n\t\t\t<div class=\"liner-continer\">\n\t\t\t\t<h4 class=\"woodmart-title-container title wd-fontsize-l\">NOTAS DE PROVA<\/h4> \n\t\t\t\t\t\t\t<\/div>\n\n\t\t\t\t\t\t\t<div class=\"title-after_title set-cont-mb-s reset-last-child wd-fontsize-xs\">\n\t\t\t\t\tCor citrina. Notas florais e c\u00edtricas no nariz. C\u00edtrico com uma acidez vibrante na boca, notas de fruta branca e textura aveludada. Servir fresco a 9-11\u00baC. Perfeito com frutos do mar, peixe, carnes brancas, comida vegetariana, comida japonesa e ceviche.\t\t\t\t<\/div>\n\t\t\t\t\t<\/div>\n\t\t\t\t<\/div>\n\t\t\t\t<\/div>\n\t\t\t\t\t<\/div>\n\t\t<\/div>\n\t\t\t\t<div class=\"elementor-column elementor-col-33 elementor-top-column elementor-element elementor-element-3113a2a\" data-id=\"3113a2a\" data-element_type=\"column\">\n\t\t\t<div class=\"elementor-widget-wrap elementor-element-populated\">\n\t\t\t\t\t\t\t\t<div class=\"elementor-element elementor-element-4af5ad8 elementor-widget elementor-widget-wd_title\" data-id=\"4af5ad8\" data-element_type=\"widget\" data-widget_type=\"wd_title.default\">\n\t\t\t\t<div class=\"elementor-widget-container\">\n\t\t\t\t\t<div class=\"title-wrapper set-mb-s reset-last-child wd-title-color-default wd-title-style-default wd-title-size-default text-left\">\n\n\t\t\t\n\t\t\t<div class=\"liner-continer\">\n\t\t\t\t<h4 class=\"woodmart-title-container title wd-fontsize-l\">TERROIR<\/h4> \n\t\t\t\t\t\t\t<\/div>\n\n\t\t\t\t\t\t\t<div class=\"title-after_title set-cont-mb-s reset-last-child wd-fontsize-xs\">\n\t\t\t\t\tParcela \u00fanica, altitude 330m acima do n\u00edvel do mar, a 50km do Oceano Atl\u00e2ntico em linha recta. O solo \u00e9 arenoso de argila e virado para sul e oeste.\t\t\t\t<\/div>\n\t\t\t\t\t<\/div>\n\t\t\t\t<\/div>\n\t\t\t\t<\/div>\n\t\t\t\t\t<\/div>\n\t\t<\/div>\n\t\t\t\t\t\t\t<\/div>\n\t\t<\/section>\n\t\t\t\t\t\t\t<\/div>\n\t\t","protected":false},"excerpt":{"rendered":"<h1>DETALHES<\/h1>\n<div class=\"detail-wrapper\">\n<div class=\"left-side\">\n<p>Denomina\u00e7\u00e3o<\/p>\n<p>Colheita<\/p>\n<p>Castas<\/p>\n<p>\u00c1lcool<\/p>\n<p>En\u00f3logo<\/p>\n<\/div>\n<div class=\"right-side\">\n<p>DOC Vinho Verde<\/p>\n<p>2022<\/p>\n<p>Loureiro<\/p>\n<p>11%<\/p>\n<p>Pedro Campos<\/p>\n<\/div>\n<\/div>\n","protected":false},"featured_media":17193,"comment_status":"open","ping_status":"closed","template":"","meta":{"_themeisle_gutenberg_block_has_review":false},"product_cat":[21],"product_tag":[],"class_list":["post-16766","product","type-product","status-publish","has-post-thumbnail","hentry","product_cat-sem-categoria"],"acf":[],"yoast_head":"<!-- This site is optimized with the Yoast SEO plugin v21.8 - https:\/\/yoast.com\/wordpress\/plugins\/seo\/ -->\n<title>GW2 Loureiro - Gentle Window 2 | Vinhos Verdes<\/title>\n<meta name=\"robots\" content=\"index, follow, max-snippet:-1, max-image-preview:large, max-video-preview:-1\" \/>\n<link rel=\"canonical\" href=\"https:\/\/gentlewindow.com\/fr\/vinhos\/gw2-loureiro\/\" \/>\n<meta property=\"og:locale\" content=\"fr_FR\" \/>\n<meta property=\"og:type\" content=\"article\" \/>\n<meta property=\"og:title\" content=\"GW2 Loureiro - Gentle Window 2 | Vinhos Verdes\" \/>\n<meta property=\"og:description\" content=\"DETALHES    Denomina\u00e7\u00e3o  Colheita  Castas  \u00c1lcool  En\u00f3logo     DOC Vinho Verde  2022  Loureiro  11%  Pedro Campos\" \/>\n<meta property=\"og:url\" content=\"https:\/\/gentlewindow.com\/fr\/vinhos\/gw2-loureiro\/\" \/>\n<meta property=\"og:site_name\" content=\"Gentle Window 2 | Vinhos Verdes\" \/>\n<meta property=\"article:modified_time\" content=\"2024-03-05T11:44:31+00:00\" \/>\n<meta property=\"og:image\" content=\"https:\/\/gentlewindow.com\/wp-content\/uploads\/2024\/01\/gw2-loureiro-min.png\" \/>\n\t<meta property=\"og:image:width\" content=\"369\" \/>\n\t<meta property=\"og:image:height\" content=\"1200\" \/>\n\t<meta property=\"og:image:type\" content=\"image\/png\" \/>\n<meta name=\"twitter:card\" content=\"summary_large_image\" \/>\n<meta name=\"twitter:label1\" content=\"Dur\u00e9e de lecture estim\u00e9e\" \/>\n\t<meta name=\"twitter:data1\" content=\"1 minute\" \/>\n<script type=\"application\/ld+json\" class=\"yoast-schema-graph\">{\"@context\":\"https:\/\/schema.org\",\"@graph\":[{\"@type\":\"WebPage\",\"@id\":\"https:\/\/gentlewindow.com\/fr\/vinhos\/gw2-loureiro\/\",\"url\":\"https:\/\/gentlewindow.com\/fr\/vinhos\/gw2-loureiro\/\",\"name\":\"GW2 Loureiro - Gentle Window 2 | Vinhos Verdes\",\"isPartOf\":{\"@id\":\"https:\/\/gentlewindow.com\/fr\/#website\"},\"datePublished\":\"2024-01-15T11:23:43+00:00\",\"dateModified\":\"2024-03-05T11:44:31+00:00\",\"breadcrumb\":{\"@id\":\"https:\/\/gentlewindow.com\/fr\/vinhos\/gw2-loureiro\/#breadcrumb\"},\"inLanguage\":\"fr-FR\",\"potentialAction\":[{\"@type\":\"ReadAction\",\"target\":[\"https:\/\/gentlewindow.com\/fr\/vinhos\/gw2-loureiro\/\"]}]},{\"@type\":\"BreadcrumbList\",\"@id\":\"https:\/\/gentlewindow.com\/fr\/vinhos\/gw2-loureiro\/#breadcrumb\",\"itemListElement\":[{\"@type\":\"ListItem\",\"position\":1,\"name\":\"In\u00edcio\",\"item\":\"https:\/\/gentlewindow.com\/fr\/\"},{\"@type\":\"ListItem\",\"position\":2,\"name\":\"Boutique\",\"item\":\"https:\/\/gentlewindow.com\/vinhos\/\"},{\"@type\":\"ListItem\",\"position\":3,\"name\":\"GW2 Loureiro\"}]},{\"@type\":\"WebSite\",\"@id\":\"https:\/\/gentlewindow.com\/fr\/#website\",\"url\":\"https:\/\/gentlewindow.com\/fr\/\",\"name\":\"Gentle Window 2 | Vinhos Verdes\",\"description\":\"\",\"potentialAction\":[{\"@type\":\"SearchAction\",\"target\":{\"@type\":\"EntryPoint\",\"urlTemplate\":\"https:\/\/gentlewindow.com\/fr\/?s={search_term_string}\"},\"query-input\":\"required name=search_term_string\"}],\"inLanguage\":\"fr-FR\"}]}<\/script>\n<!-- \/ Yoast SEO plugin. -->","yoast_head_json":{"title":"GW2 Loureiro - Gentle Window 2 | Vinhos Verdes","robots":{"index":"index","follow":"follow","max-snippet":"max-snippet:-1","max-image-preview":"max-image-preview:large","max-video-preview":"max-video-preview:-1"},"canonical":"https:\/\/gentlewindow.com\/fr\/vinhos\/gw2-loureiro\/","og_locale":"fr_FR","og_type":"article","og_title":"GW2 Loureiro - Gentle Window 2 | Vinhos Verdes","og_description":"DETALHES    Denomina\u00e7\u00e3o  Colheita  Castas  \u00c1lcool  En\u00f3logo     DOC Vinho Verde  2022  Loureiro  11%  Pedro Campos","og_url":"https:\/\/gentlewindow.com\/fr\/vinhos\/gw2-loureiro\/","og_site_name":"Gentle Window 2 | Vinhos Verdes","article_modified_time":"2024-03-05T11:44:31+00:00","og_image":[{"width":369,"height":1200,"url":"https:\/\/gentlewindow.com\/wp-content\/uploads\/2024\/01\/gw2-loureiro-min.png","type":"image\/png"}],"twitter_card":"summary_large_image","twitter_misc":{"Dur\u00e9e de lecture estim\u00e9e":"1 minute"},"schema":{"@context":"https:\/\/schema.org","@graph":[{"@type":"WebPage","@id":"https:\/\/gentlewindow.com\/fr\/vinhos\/gw2-loureiro\/","url":"https:\/\/gentlewindow.com\/fr\/vinhos\/gw2-loureiro\/","name":"GW2 Loureiro - Gentle Window 2 | Vinhos Verdes","isPartOf":{"@id":"https:\/\/gentlewindow.com\/fr\/#website"},"datePublished":"2024-01-15T11:23:43+00:00","dateModified":"2024-03-05T11:44:31+00:00","breadcrumb":{"@id":"https:\/\/gentlewindow.com\/fr\/vinhos\/gw2-loureiro\/#breadcrumb"},"inLanguage":"fr-FR","potentialAction":[{"@type":"ReadAction","target":["https:\/\/gentlewindow.com\/fr\/vinhos\/gw2-loureiro\/"]}]},{"@type":"BreadcrumbList","@id":"https:\/\/gentlewindow.com\/fr\/vinhos\/gw2-loureiro\/#breadcrumb","itemListElement":[{"@type":"ListItem","position":1,"name":"In\u00edcio","item":"https:\/\/gentlewindow.com\/fr\/"},{"@type":"ListItem","position":2,"name":"Boutique","item":"https:\/\/gentlewindow.com\/vinhos\/"},{"@type":"ListItem","position":3,"name":"GW2 Loureiro"}]},{"@type":"WebSite","@id":"https:\/\/gentlewindow.com\/fr\/#website","url":"https:\/\/gentlewindow.com\/fr\/","name":"Gentle Window 2 | Vinhos Verdes","description":"","potentialAction":[{"@type":"SearchAction","target":{"@type":"EntryPoint","urlTemplate":"https:\/\/gentlewindow.com\/fr\/?s={search_term_string}"},"query-input":"required name=search_term_string"}],"inLanguage":"fr-FR"}]}},"_links":{"self":[{"href":"https:\/\/gentlewindow.com\/fr\/wp-json\/wp\/v2\/product\/16766","targetHints":{"allow":["GET"]}}],"collection":[{"href":"https:\/\/gentlewindow.com\/fr\/wp-json\/wp\/v2\/product"}],"about":[{"href":"https:\/\/gentlewindow.com\/fr\/wp-json\/wp\/v2\/types\/product"}],"replies":[{"embeddable":true,"href":"https:\/\/gentlewindow.com\/fr\/wp-json\/wp\/v2\/comments?post=16766"}],"version-history":[{"count":16,"href":"https:\/\/gentlewindow.com\/fr\/wp-json\/wp\/v2\/product\/16766\/revisions"}],"predecessor-version":[{"id":17028,"href":"https:\/\/gentlewindow.com\/fr\/wp-json\/wp\/v2\/product\/16766\/revisions\/17028"}],"wp:featuredmedia":[{"embeddable":true,"href":"https:\/\/gentlewindow.com\/fr\/wp-json\/wp\/v2\/media\/17193"}],"wp:attachment":[{"href":"https:\/\/gentlewindow.com\/fr\/wp-json\/wp\/v2\/media?parent=16766"}],"wp:term":[{"taxonomy":"product_cat","embeddable":true,"href":"https:\/\/gentlewindow.com\/fr\/wp-json\/wp\/v2\/product_cat?post=16766"},{"taxonomy":"product_tag","embeddable":true,"href":"https:\/\/gentlewindow.com\/fr\/wp-json\/wp\/v2\/product_tag?post=16766"}],"curies":[{"name":"wp","href":"https:\/\/api.w.org\/{rel}","templated":true}]}}